{"id":321,"date":"2023-11-17T00:30:43","date_gmt":"2023-11-17T05:30:43","guid":{"rendered":"https:\/\/construtipsperu.com\/?page_id=321"},"modified":"2024-01-24T23:07:13","modified_gmt":"2024-01-25T04:07:13","slug":"servicios","status":"publish","type":"page","link":"https:\/\/construtipsperu.com\/en\/servicios\/","title":{"rendered":"Services"},"content":{"rendered":"<div data-elementor-type=\"wp-page\" data-elementor-id=\"321\" class=\"elementor elementor-321\" data-elementor-settings=\"{&quot;ha_cmc_init_switcher&quot;:&quot;no&quot;}\" data-elementor-post-type=\"page\">\n\t\t\t\t\t\t<section class=\"elementor-section elementor-top-section elementor-element elementor-element-7feaef0 elementor-section-full_width elementor-section-height-min-height elementor-section-content-middle elementor-section-height-default elementor-section-items-middle\" data-id=\"7feaef0\" data-element_type=\"section\" data-settings=\"{&quot;shape_divider_bottom&quot;:&quot;smooth-zigzag&quot;,&quot;_ha_eqh_enable&quot;:false}\">\n\t\t\t\t\t\t\t<div class=\"elementor-background-overlay\"><\/div>\n\t\t\t\t\t\t<div class=\"elementor-shape elementor-shape-bottom\" aria-hidden=\"true\" data-negative=\"false\">\n\t\t\t<svg xmlns=\"http:\/\/www.w3.org\/2000\/svg\" viewbox=\"0 0 4080 400\" preserveaspectratio=\"none\">\r\n<path class=\"elementor-shape-fill ha-shape-divider\" d=\"M7364.6,0.3V0l-43815,0.4V380c66.8,0,100.2-39.8,130.9-77.8c30.7-36,58.5-72.1,117-72.1c58.5,0,86.3,36,117,72.1\tc30.6,37.9,64.1,77.8,130.9,77.8s100.2-39.8,130.9-77.8c30.7-36,58.5-72.1,117-72.1c58.5,0,86.3,34.2,117,72.1\tc30.7,37.9,64.1,77.8,130.9,77.8s97.5-39.8,117-77.8c30.7-37.9,58.5-72.1,117-72.1c58.5,0,86.4,34.2,117,72.1\tc30.6,37.9,64.1,77.8,130.9,77.8s100.2-39.9,130.9-77.8c30.7-37.9,58.5-72.1,117-72.1c58.5,0,86.3,34.2,117,72.1\tc30.7,37.9,64.1,77.8,130.9,77.8c66.8,0,100.2-39.9,130.9-77.8c30.7-37.9,58.5-72.1,117-72.1c58.5,0,86.4,34.2,117,72.1\tc30.6,37.9,64.1,77.8,130.9,77.8s100.2-39.8,130.9-77.8c30.7-37.9,58.5-72.1,117-72.1c58.5,0,86.3,34.1,117,72.1\tc30.7,37.9,64.1,77.8,130.9,77.8c66.8,0,189.4-149.9,247.9-149.9c58.5,0,86.3,34.1,117,72.1c30.7,37.9,64.1,77.8,130.9,77.8\tc66.8,0,100.2-39.8,130.9-77.8c30.7-37.9,58.5-72.1,117-72.1c58.5,0,86.3,34.1,117,72.1c30.6,37.9,64.1,77.8,130.9,77.8\tc66.8,0,100.2-39.9,130.9-77.8c30.7-37.9,58.5-72.1,117-72.1s86.3,34.1,117,72.1c30.7,37.9,64.1,77.8,130.9,77.8\ts189.4-149.9,247.9-149.9c58.5,0,86.3,34.1,117,72.1c30.7,37.9,64.1,77.8,130.9,77.8c66.8,0,100.2-39.9,130.9-77.8\ts58.5-72.1,117-72.1s86.3,34.1,117,72.1c30.6,37.9,64.1,77.8,130.9,77.8s100.2-39.8,130.9-77.8c30.7-37.9,58.5-72.1,117-72.1\ts86.3,34.1,117,72.1c30.7,37.9,64.1,77.8,130.9,77.8s100.2-39.8,130.9-77.8c30.7-37.9,58.5-72.1,117-72.1s86.3,34.1,117,72.1\tc30.7,37.9,64.1,77.8,130.9,77.8c66.8,0,100.2-39.9,130.9-77.8s58.5-72.1,117-72.1c58.5,0,86.3,34.1,117,72.1\tc30.6,37.9,64.1,77.8,130.9,77.8c66.8,0,100.2-39.8,130.9-77.8c30.7-37.9,58.5-72.1,117-72.1s86.3,34.2,117,72.1\ts64.1,77.8,130.9,77.8c66.8,0,100.2-39.9,130.9-77.8c30.7-37.9,58.5-72.1,117-72.1c58.5,0,86.3,34.2,117,72.1\tc30.7,37.9,64.1,77.8,130.9,77.8c66.8,0,100.2-39.8,130.9-77.8c30.7-37.9,58.5-72.1,117-72.1s86.3,34.1,117,72.1\tc30.7,37.9,64.1,77.8,130.9,77.8c66.8,0,100.2-39.8,130.9-77.8c30.7-37.9,58.5-72.1,117-72.1c58.5,0,86.3,34.2,117,72.1\tc30.7,37.9,64.1,77.8,130.9,77.8c66.8,0,100.2-39.8,130.9-77.8c30.7-37.9,58.5-72.1,117-72.1s86.3,34.2,117,72.1\tc30.7,37.9,64.1,77.8,130.9,77.8c66.8,0,100.2-39.8,130.9-77.8c30.7-37.9,58.5-72.1,117-72.1s86.3,34.1,117,72.1\tc30.6,37.9,64.1,77.8,130.9,77.8s100.2-39.9,130.9-77.8c30.7-37.9,58.5-72.1,117-72.1s86.3,34.1,117,72.1\tc30.6,37.9,64.1,77.8,130.9,77.8c66.8,0,100.2-39.9,130.9-77.8s58.5-72.1,117-72.1c58.5,0,86.3,34.1,117,72.1\tc30.6,37.9,64.1,77.8,130.9,77.8c66.8,0,100.2-39.9,130.9-77.8s58.5-72.1,117-72.1v-0.4c57.9,0.4,85.6,36.2,116.1,72.1\tc30.7,37.9,64.1,77.8,130.9,77.8s100.2-39.8,130.9-77.8c30.7-36,58.5-72.1,117-72.1s86.3,34.1,117,72.1\tc30.7,37.9,64.1,77.8,130.9,77.8c66.8,0,97.5-39.8,117-77.8c30.7-37.9,58.5-72.1,117-72.1s86.3,34.1,117,72.1\tc30.7,37.9,64.1,77.8,130.9,77.8c66.8,0,100.2-39.8,130.9-77.8c30.7-37.9,58.5-72.1,117-72.1s86.3,34.1,117,72.1\tc30.7,37.9,64.1,77.8,130.9,77.8s100.2-39.8,130.9-77.8c30.7-37.9,58.5-72.1,117-72.1s86.3,34.1,117,72.1\tc30.7,37.9,64.1,77.8,130.9,77.8s100.2-39.8,130.9-77.8c30.7-37.9,58.5-72.1,117-72.1s86.3,34.1,117,72.1\tc30.7,37.9,64.1,77.8,130.9,77.8c66.8,0,189.4-149.9,247.9-149.9s86.3,34.1,117,72.1c30.7,37.9,64.1,77.8,130.9,77.8\tc66.8,0,100.2-39.8,130.9-77.8c30.7-37.9,58.5-72.1,117-72.1c58.5,0,86.3,34.1,117,72.1c30.7,37.9,64.1,77.8,130.9,77.8\tc66.8,0,100.2-39.8,130.9-77.8c30.7-37.9,58.5-72.1,117-72.1c58.5,0,86.3,34.1,117,72.1c30.7,37.9,64.1,77.8,130.9,77.8\tc66.8,0,189.4-149.9,247.9-149.9s86.3,34.1,117,72.1c30.7,37.9,64.1,77.8,130.9,77.8s100.2-39.8,130.9-77.8\tc30.7-37.9,58.5-72.1,117-72.1s86.3,34.1,117,72.1c30.7,37.9,64.1,77.8,130.9,77.8c66.8,0,100.2-39.8,130.9-77.8\tc30.7-37.9,58.5-72.1,117-72.1s86.3,34.1,117,72.1c30.7,37.9,64.1,77.8,130.9,77.8c66.8,0,100.2-39.8,130.9-77.8\tc30.7-37.9,58.5-72.1,117-72.1s86.3,34.1,117,72.1c30.7,37.9,64.1,77.8,130.9,77.8s100.2-39.8,130.9-77.8\tc30.7-37.9,58.5-72.1,117-72.1c58.5,0,86.3,34.1,117,72.1c30.7,37.9,64.1,77.8,130.9,77.8c66.8,0,100.2-39.8,130.9-77.8\tc30.7-37.9,58.5-72.1,117-72.1s86.3,34.1,117,72.1c30.7,37.9,64.1,77.8,130.9,77.8c66.8,0,100.2-39.8,130.9-77.8\tc30.7-37.9,58.5-72.1,117-72.1s86.3,34.1,117,72.1c30.7,37.9,64.1,77.8,130.9,77.8c66.8,0,100.2-39.8,130.9-77.8\tc30.7-37.9,58.5-72.1,117-72.1s86.3,34.1,117,72.1c30.7,37.9,64.1,77.8,130.9,77.8s100.2-39.8,130.9-77.8\tc30.7-37.9,58.5-72.1,117-72.1s86.3,34.1,117,72.1c30.7,37.9,64.1,77.8,130.9,77.8c66.8,0,100.2-39.8,130.9-77.8\tc30.7-37.9,58.5-72.1,117-72.1c58.5,0,86.3,34.1,117,72.1c30.7,37.9,64.1,77.8,130.9,77.8c66.8,0,100.2-39.8,130.9-77.8\tc30.7-37.9,58.5-72.1,117-72.1s86.3,34.1,117,72.1c30.7,37.9,64.1,77.8,130.9,77.8s100.2-39.8,130.9-77.8\tc30.7-37.9,58.5-72.1,117-72.1s86.3,34.1,117,72.1c30.7,37.9,64.1,77.8,130.9,77.8c66.8,0,100.2-39.8,130.9-77.8\tc30.7-37.9,58.5-72.1,117-72.1s86.3,34.1,117,72.1c30.1,37.3,63,76.6,127.6,77.8c0.5,0,1.1,0,1.6,0c0.5,0,1.1,0,1.6,0\tc66.8,0,100.2-39.8,130.9-77.8c30.5-37.7,58.2-71.6,115.9-72.1c57.1,0.9,84.6,36.5,114.8,72.1c30.7,37.9,64.1,77.8,130.9,77.8\tc66.8,0,100.2-39.8,130.9-77.8c30.7-36,58.5-72.1,117-72.1s86.3,34.1,117,72.1c30.7,37.9,64.1,77.8,130.9,77.8s97.5-39.8,117-77.8\tc30.7-37.9,58.5-72.1,117-72.1s86.3,34.1,117,72.1c30.7,37.9,64.1,77.8,130.9,77.8s100.2-39.8,130.9-77.8\tc30.7-37.9,58.5-72.1,117-72.1s86.3,34.1,117,72.1c30.7,37.9,64.1,77.8,130.9,77.8c66.8,0,100.2-39.8,130.9-77.8\tc30.7-37.9,58.5-72.1,117-72.1s86.3,34.1,117,72.1c30.7,37.9,64.1,77.8,130.9,77.8c66.8,0,100.2-39.8,130.9-77.8\tc30.7-37.9,58.5-72.1,117-72.1c58.5,0,86.3,34.1,117,72.1c30.7,37.9,64.1,77.8,130.9,77.8c66.8,0,189.4-149.9,247.9-149.9\ts86.3,34.1,117,72.1c30.7,37.9,64.1,77.8,130.9,77.8c66.8,0,100.2-39.8,130.9-77.8c30.7-37.9,58.5-72.1,117-72.1s86.3,34.1,117,72.1\tc30.7,37.9,64.1,77.8,130.9,77.8c66.8,0,100.2-39.8,130.9-77.8c30.7-37.9,58.5-72.1,117-72.1c58.5,0,86.3,34.1,117,72.1\tc30.7,37.9,64.1,77.8,130.9,77.8c66.8,0,191.6-150,250.1-150s86.3,34.1,117,72.1c30.7,37.9,64.1,77.8,130.9,77.8\tc66.8,0,100.2-39.8,130.9-77.8c30.7-37.9,58.5-72.1,117-72.1c58.5,0,86.3,34.1,117,72.1c30.7,37.9,64.1,77.8,130.9,77.8\tc66.8,0,100.2-39.8,130.9-77.8c30.7-37.9,58.5-72.1,117-72.1c58.5,0,86.3,34.1,117,72.1c30.7,37.9,64.1,77.8,130.9,77.8\tc66.8,0,100.2-39.8,130.9-77.8c30.7-37.9,58.5-72.1,117-72.1s86.3,34.1,117,72.1c30.7,37.9,64.1,77.8,130.9,77.8\ts100.2-39.8,130.9-77.8c30.7-37.9,58.5-72.1,117-72.1c58.5,0,86.3,34.1,117,72.1c30.6,37.9,64.1,77.8,130.9,77.8\tc66.8,0,100.2-39.8,130.9-77.8c30.7-37.9,58.5-72.1,117-72.1c58.5,0,86.3,34.1,117,72.1c30.6,37.9,64.1,77.8,130.9,77.8\tc66.8,0,100.2-39.8,130.9-77.8c30.7-37.9,58.5-72.1,117-72.1c58.5,0,86.3,34.1,117,72.1c30.7,37.9,64.1,77.8,130.9,77.8\tc66.8,0,100.2-39.8,130.9-77.8c30.7-37.9,58.5-72.1,117-72.1c58.5,0,86.3,34.1,117,72.1c30.7,37.9,64.1,77.8,130.9,77.8\ts100.2-39.8,130.9-77.8c30.7-37.9,58.5-72.1,117-72.1c58.5,0,86.3,34.1,117,72.1c30.7,37.9,64.1,77.8,130.9,77.8\tc66.8,0,100.2-39.8,130.9-77.8c30.7-37.9,58.5-72.1,117-72.1c58.5,0,86.3,34.1,117,72.1c30.7,37.9,64.1,77.8,130.9,77.8\tc66.8,0,100.2-39.8,130.9-77.8c30.7-37.9,58.5-72.1,117-72.1c58.5,0,86.3,34.1,117,72.1c30.7,37.9,64.1,77.8,130.9,77.8\tc66.8,0,100.2-39.8,130.9-77.8c30.7-37.9,58.5-72.1,117-72.1c58.5,0,86.3,34.1,117,72.1c30.7,37.9,64.1,77.8,130.9,77.8\tc66.8,0,100.2-39.8,130.9-77.8c30.7-37.9,58.5-72.1,117-72.1c58.5,0,86.3,34.1,117,72.1c30,37.2,62.7,76.2,126.7,77.8v0.1\tc0.6,0,1.3,0,2,0c0.6,0,1.3,0,2,0c66.8,0,100.2-39.8,130.9-77.8c30.4-37.6,58.1-71.5,115.6-72.1c56.7,1.1,84.1,36.6,114.2,72.1\tc30.7,37.9,64.1,77.8,130.9,77.8c66.8,0,100.2-39.8,130.9-77.8c30.7-36,58.5-72.1,117-72.1c58.5,0,86.3,34.2,117,72.1\tc30.7,37.9,64.1,77.8,130.9,77.8c66.8,0,97.5-39.8,117-77.8c30.7-37.9,58.5-72.1,117-72.1c58.5,0,86.3,34.1,117,72.1\tc30.7,37.9,64.1,77.8,130.9,77.8c66.8,0,100.2-39.8,130.9-77.8c30.7-37.9,58.5-72.1,117-72.1c58.5,0,86.3,34.1,117,72.1\tc30.7,37.9,64.1,77.8,130.9,77.8c66.8,0,100.2-39.8,130.9-77.8c30.7-37.9,58.5-72.1,117-72.1s86.3,34.1,117,72.1\tc30.7,37.9,64.1,77.8,130.9,77.8c66.8,0,100.2-39.8,130.9-77.8c30.7-37.9,58.5-72.1,117-72.1c58.5,0,86.3,34.1,117,72.1\tc30.6,37.9,64.1,77.8,130.9,77.8s189.4-149.9,247.9-149.9c58.5,0,86.3,34.1,117,72.1c30.7,37.9,64.1,77.8,130.9,77.8\tc66.8,0,100.2-39.8,130.9-77.8c30.7-37.9,58.5-72.1,117-72.1s86.3,34.1,117,72.1c30.7,37.9,64.1,77.8,130.9,77.8\ts100.2-39.8,130.9-77.8c30.7-37.9,58.5-72.1,117-72.1s86.3,34.1,117,72.1c30.7,37.9,64.1,77.8,130.9,77.8s189.4-149.9,247.9-149.9\tc58.5,0,86.3,34.1,117,72.1c30.6,37.9,64.1,77.8,130.9,77.8c66.8,0,100.2-39.8,130.9-77.8c30.7-37.9,58.5-72.1,117-72.1\ts86.3,34.1,117,72.1c30.7,37.9,64.1,77.8,130.9,77.8c66.8,0,100.2-39.8,130.9-77.8c30.7-37.9,58.5-72.1,117-72.1\tc57.6,0.5,85.3,34.8,115.7,72.5c30.6,37.9,64.1,77.8,130.9,77.8c15,0,28.3-2,40.2-5.5c42.2-12,67.9-42.9,91.9-72.6\tc23.8-29.4,45.9-56.5,81.8-67.3c10.1-2.9,21.3-4.5,33.9-4.5c58.5,0,86.3,34.1,117,72.1c30.7,37.9,64.1,77.8,130.9,77.8\tc15,0,28.3-2,40.2-5.5c42.2-12,67.9-42.9,91.9-72.6c23.8-29.4,45.9-56.5,81.8-67.3c10.1-2.9,21.3-4.5,33.9-4.5\tc58.5,0,86.3,34.1,117,72.1c30.7,37.9,64.1,77.8,130.9,77.8c14.9,0,28.1-2,40-5.5c42.3-11.9,68.1-42.9,92.2-72.7\tc23.8-29.4,45.8-56.5,81.8-67.3c10.1-2.9,21.3-4.5,33.9-4.5c58.5,0,86.3,34.1,117,72.1c30.6,37.9,64.1,77.8,130.9,77.8\tc15,0,28.3-2,40.3-5.6c42.2-12,67.9-42.9,91.9-72.6c23.8-29.4,45.8-56.5,81.8-67.3c10.1-2.9,21.3-4.5,33.9-4.5\tc58.5,0,86.3,34.2,117,72.1c30.7,37.9,64.1,77.8,130.9,77.8c14.9,0,28.1-2,40-5.5c42.3-11.9,68.1-42.9,92.1-72.7\tc23.8-29.4,45.8-56.5,81.8-67.2c10.1-2.9,21.3-4.5,33.9-4.5c58.5,0,86.3,34.2,117,72.1c30.7,37.9,64.1,77.8,130.9,77.8\tc15,0,28.3-2,40.3-5.6c42.1-12,67.9-42.9,91.9-72.6c23.8-29.4,45.8-56.5,81.8-67.2c10.1-2.9,21.3-4.5,33.9-4.5\tc58.5,0,86.3,34.1,117,72.1c30.7,37.9,64.1,77.8,130.9,77.8c15,0,28.3-2,40.3-5.6c42.1-12,67.8-42.9,91.9-72.6\tc23.8-29.4,45.8-56.5,81.8-67.2c10.1-2.9,21.3-4.5,33.9-4.5c58.5,0,86.3,34.2,117,72.1c30.7,37.9,64.1,77.8,130.9,77.8\tc15,0,28.3-2,40.3-5.6c42.1-12,67.8-42.8,91.8-72.6c23.8-29.4,45.8-56.5,81.8-67.2c10.1-2.9,21.3-4.5,33.9-4.5\tc58.5,0,86.3,34.2,117,72.1c30.7,37.9,64.1,77.8,130.9,77.8c15,0,28.3-2,40.3-5.6c42.1-12,67.8-42.8,91.8-72.6\tc23.8-29.4,45.8-56.5,81.7-67.2c10.1-2.9,21.3-4.5,34-4.5c58.5,0,86.3,34.1,117,72.1c30.6,37.9,64.1,77.8,130.9,77.8\tc14.9,0,28.2-2,40.1-5.5c42.3-11.9,68-42.9,92.1-72.7c23.8-29.4,45.8-56.5,81.7-67.2c10.1-2.9,21.3-4.5,34-4.5\tc58.5,0,86.3,34.1,117,72.1c30.6,37.9,64.1,77.8,130.9,77.8c14.9,0,28.2-2,40.1-5.5c42.2-11.9,68-42.9,92.1-72.7\tc27.6-34.2,53-65.3,102.8-71.1c4.1-0.4,8.4-0.6,12.9-0.6c58.5,0,86.3,34.1,117,72.1c30.6,37.9,64.1,77.8,130.9,77.8\tc66.8,0,100.2-39.9,130.9-77.8c30.7-37.9,58.5-72.1,117-72.1v-0.4c57.9,0.4,85.6,36.2,116.1,72.1c30.7,37.9,64.1,77.8,130.9,77.8\ts100.2-39.8,130.9-77.8c30.7-36,58.5-72.1,117-72.1s86.3,34.1,117,72.1c30.7,37.9,64.1,77.8,130.9,77.8s97.5-39.8,117-77.8\tc30.7-37.9,58.5-72.1,117-72.1c58.5,0,86.3,34.1,117,72.1c30.7,37.9,64.1,77.8,130.9,77.8c66.8,0,100.2-39.8,130.9-77.8\tc30.7-37.9,58.5-72.1,117-72.1c58.5,0,86.3,34.1,117,72.1c30.7,37.9,64.1,77.8,130.9,77.8c66.8,0,100.2-39.8,130.9-77.8\tc30.7-37.9,58.5-72.1,117-72.1c58.5,0,86.3,34.1,117,72.1c30.7,37.9,64.1,77.8,130.9,77.8c66.8,0,100.2-39.8,130.9-77.8\tc30.7-37.9,58.5-72.1,117-72.1s86.3,34.1,117,72.1c30.7,37.9,64.1,77.8,130.9,77.8s189.4-149.9,247.9-149.9\tc58.5,0,86.3,34.1,117,72.1c30.7,37.9,64.1,77.8,130.9,77.8c66.8,0,100.2-39.8,130.9-77.8c30.7-37.9,58.5-72.1,117-72.1\tc58.5,0,86.3,34.1,117,72.1c30.7,37.9,64.1,77.8,130.9,77.8c66.8,0,100.2-39.8,130.9-77.8c30.7-37.9,58.5-72.1,117-72.1\ts86.3,34.1,117,72.1c30.7,37.9,64.1,77.8,130.9,77.8s189.4-149.9,247.9-149.9c58.5,0,86.3,34.1,117,72.1\tc30.7,37.9,64.1,77.8,130.9,77.8c66.8,0,100.2-39.8,130.9-77.8c30.7-37.9,58.5-72.1,117-72.1c58.5,0,86.3,34.1,117,72.1\tc30.7,37.9,64.1,77.8,130.9,77.8c66.8,0,100.2-39.8,130.9-77.8c30.7-37.9,58.5-72.1,117-72.1s86.3,34.1,117,72.1\tc30.7,37.9,64.1,77.8,130.9,77.8c66.8,0,100.2-39.8,130.9-77.8c30.7-37.9,58.5-72.1,117-72.1s86.3,34.1,117,72.1\tc30.7,37.9,64.1,77.8,130.9,77.8c66.8,0,100.2-39.8,130.9-77.8c30.7-37.9,58.5-72.1,117-72.1s86.3,34.1,117,72.1\tc30.7,37.9,64.1,77.8,130.9,77.8s100.2-39.8,130.9-77.8c30.7-37.9,58.5-72.1,117-72.1c58.5,0,86.3,34.1,117,72.1\tc30.7,37.9,64.1,77.8,130.9,77.8c66.8,0,100.2-39.8,130.9-77.8c30.7-37.9,58.5-72.1,117-72.1s86.3,34.1,117,72.1\tc30.7,37.9,64.1,77.8,130.9,77.8c66.8,0,100.2-39.8,130.9-77.8c30.7-37.9,58.5-72.1,117-72.1c58.5,0,86.3,34.1,117,72.1\tc30.7,37.9,64.1,77.8,130.9,77.8c66.8,0,100.2-39.8,130.9-77.8c30.7-37.9,58.5-72.1,117-72.1s86.3,34.1,117,72.1\tc30.7,37.9,64.1,77.8,130.9,77.8s100.2-39.8,130.9-77.8c30.7-37.9,58.5-72.1,117-72.1s86.3,34.1,117,72.1\tc30.7,37.9,64.1,77.8,130.9,77.8c66.8,0,100.2-39.8,130.9-77.8c30.7-37.9,58.5-72.1,117-72.1s86.3,34.1,117,72.1\tc30.7,37.9,64.1,77.8,130.9,77.8c66.8,0,100.2-39.8,130.9-77.8c30.7-37.9,58.5-72.1,117-72.1c58.5,0,86.3,34.1,117,72.1\tc30.7,37.9,64.1,77.8,130.9,77.8c66.8,0,100.2-39.8,130.9-77.8c30.7-37.9,58.5-72.1,117-72.1s86.3,34.1,117,72.1\tc30.1,37.3,63,76.6,127.6,77.8c0.5,0,1.1,0,1.6,0s1.1,0,1.6,0c66.8,0,100.2-39.8,130.9-77.8c30.5-37.7,58.2-71.6,115.9-72.1\tc57.1,0.9,84.6,36.5,114.8,72.1c30.7,37.9,64.1,77.8,130.9,77.8c66.8,0,100.2-39.8,130.9-77.8c30.7-36,58.5-72.1,117-72.1\ts86.3,34.1,117,72.1c30.7,37.9,64.1,77.8,130.9,77.8c66.8,0,97.5-39.8,117-77.8c30.7-37.9,58.5-72.1,117-72.1s86.3,34.1,117,72.1\tc30.7,37.9,64.1,77.8,130.9,77.8c66.8,0,100.2-39.8,130.9-77.8c30.7-37.9,58.5-72.1,117-72.1s86.3,34.1,117,72.1\tc30.7,37.9,64.1,77.8,130.9,77.8s100.2-39.8,130.9-77.8c30.7-37.9,58.5-72.1,117-72.1c58.5,0,86.3,34.1,117,72.1\tc30.7,37.9,64.1,77.8,130.9,77.8s100.2-39.8,130.9-77.8c30.7-37.9,58.5-72.1,117-72.1c58.5,0,86.3,34.1,117,72.1\tc30.7,37.9,64.1,77.8,130.9,77.8c66.8,0,189.4-149.9,247.9-149.9s86.3,34.1,117,72.1c30.7,37.9,64.1,77.8,130.9,77.8\tc66.8,0,100.2-39.8,130.9-77.8c30.7-37.9,58.5-72.1,117-72.1c58.5,0,86.3,34.1,117,72.1c30.7,37.9,64.1,77.8,130.9,77.8\ts100.2-39.8,130.9-77.8c30.7-37.9,58.5-72.1,117-72.1s86.3,34.1,117,72.1c30.7,37.9,64.1,77.8,130.9,77.8\tc66.8,0,191.6-150,250.1-150s86.3,34.1,117,72.1c30.7,37.9,64.1,77.8,130.9,77.8c66.8,0,100.2-39.8,130.9-77.8\tc30.7-37.9,58.5-72.1,117-72.1s86.3,34.1,117,72.1c30.7,37.9,64.1,77.8,130.9,77.8s100.2-39.8,130.9-77.8\tc30.7-37.9,58.5-72.1,117-72.1s86.3,34.1,117,72.1c30.7,37.9,64.1,77.8,130.9,77.8s100.2-39.8,130.9-77.8\tc30.7-37.9,58.5-72.1,117-72.1s86.3,34.1,117,72.1c30.7,37.9,64.1,77.8,130.9,77.8s100.2-39.8,130.9-77.8\tc30.7-37.9,58.5-72.1,117-72.1s86.3,34.1,117,72.1c30.6,37.9,64.1,77.8,130.9,77.8c66.8,0,100.2-39.8,130.9-77.8\tc30.7-37.9,58.5-72.1,117-72.1s86.3,34.1,117,72.1c30.6,37.9,64.1,77.8,130.9,77.8c66.8,0,100.2-39.8,130.9-77.8\tc30.7-37.9,58.5-72.1,117-72.1c58.5,0,86.3,34.1,117,72.1c30.7,37.9,64.1,77.8,130.9,77.8c66.8,0,100.2-39.8,130.9-77.8\tc30.7-37.9,58.5-72.1,117-72.1s86.3,34.1,117,72.1c30.7,37.9,64.1,77.8,130.9,77.8c66.8,0,100.2-39.8,130.9-77.8\tc30.7-37.9,58.5-72.1,117-72.1s86.3,34.1,117,72.1c30.7,37.9,64.1,77.8,130.9,77.8c66.8,0,100.2-39.8,130.9-77.8\tc30.7-37.9,58.5-72.1,117-72.1s86.3,34.1,117,72.1c30.7,37.9,64.1,77.8,130.9,77.8c66.8,0,100.2-39.8,130.9-77.8\tc30.7-37.9,58.5-72.1,117-72.1c58.5,0,86.3,34.1,117,72.1c30.7,37.9,64.1,77.8,130.9,77.8c66.8,0,100.2-39.8,130.9-77.8\tc30.7-37.9,58.5-72.1,117-72.1s86.3,34.1,117,72.1c30.7,37.9,64.1,77.8,130.9,77.8c66.8,0,100.2-39.8,130.9-77.8\tc30.7-37.9,58.5-72.1,117-72.1s86.3,34.1,117,72.1c30,37.2,62.7,76.2,126.7,77.8v0.1c0.6,0,1.3,0,2,0c0.6,0,1.3,0,2,0\tc66.8,0,100.2-39.8,130.9-77.8c30.4-37.6,58.1-71.5,115.6-72.1c56.7,1.1,84.1,36.6,114.2,72.1c30.7,37.9,64.1,77.8,130.9,77.8\tc66.8,0,100.2-39.8,130.9-77.8c30.7-36,58.5-72.1,117-72.1c58.5,0,86.3,34.2,117,72.1c30.7,37.9,64.1,77.8,130.9,77.8\tc66.8,0,97.5-39.8,117-77.8c30.7-37.9,58.5-72.1,117-72.1s86.3,34.1,117,72.1c30.7,37.9,64.1,77.8,130.9,77.8\tc66.8,0,100.2-39.8,130.9-77.8c30.7-37.9,58.5-72.1,117-72.1c58.5,0,86.3,34.1,117,72.1c30.7,37.9,64.1,77.8,130.9,77.8\tc66.8,0,100.2-39.8,130.9-77.8c30.7-37.9,58.5-72.1,117-72.1c58.5,0,86.3,34.1,117,72.1c30.7,37.9,64.1,77.8,130.9,77.8\tc66.8,0,100.2-39.8,130.9-77.8c30.7-37.9,58.5-72.1,117-72.1s86.3,34.1,117,72.1c30.6,37.9,64.1,77.8,130.9,77.8\ts189.4-149.9,247.9-149.9s86.3,34.1,117,72.1c30.7,37.9,64.1,77.8,130.9,77.8s100.2-39.8,130.9-77.8c30.7-37.9,58.5-72.1,117-72.1\tc58.5,0,86.3,34.1,117,72.1c30.7,37.9,64.1,77.8,130.9,77.8c66.8,0,100.2-39.8,130.9-77.8c30.7-37.9,58.5-72.1,117-72.1\tc58.5,0,86.3,34.1,117,72.1c30.7,37.9,64.1,77.8,130.9,77.8c66.8,0,189.4-149.9,247.9-149.9c58.5,0,86.3,34.1,117,72.1\tc30.6,37.9,64.1,77.8,130.9,77.8c66.8,0,100.2-39.8,130.9-77.8c30.7-37.9,58.5-72.1,117-72.1s86.3,34.1,117,72.1\tc30.7,37.9,64.1,77.8,130.9,77.8c66.8,0,100.2-39.8,130.9-77.8c30.7-37.9,58.5-72.1,117-72.1c58.5,0,86.3,34.1,117,72.1\tc30.6,37.9,64.1,77.8,130.9,77.8s100.2-39.8,130.9-77.8c30.7-37.9,58.5-72.1,117-72.1s86.3,34.1,117,72.1\tc30.6,37.9,64.1,77.8,130.9,77.8c66.8,0,100.2-39.8,130.9-77.8c30.7-37.9,58.5-72.1,117-72.1c58.5,0,86.3,34.1,117,72.1\tc30.7,37.9,64.1,77.8,130.9,77.8s100.2-39.8,130.9-77.8c30.7-37.9,58.5-72.1,117-72.1c58.5,0,86.3,34.1,117,72.1\tc30.6,37.9,64.1,77.8,130.9,77.8s100.2-39.8,130.9-77.8c30.7-37.9,58.5-72.1,117-72.1c58.5,0,86.3,34.1,117,72.1\tc30.7,37.9,64.1,77.8,130.9,77.8s100.2-39.8,130.9-77.8c30.7-37.9,58.5-72.1,117-72.1c58.5,0,86.3,34.1,117,72.1\tc30.6,37.9,64.1,77.8,130.9,77.8s100.2-39.8,130.9-77.8c30.7-37.9,58.5-72.1,117-72.1c58.5,0,86.3,34.1,117,72.1\tc30.6,37.9,64.1,77.8,130.9,77.8s100.2-39.8,130.9-77.8c30.7-37.9,58.5-72.1,117-72.1c58.5,0,86.3,34.1,117,72.1\tc30.6,37.9,64.1,77.8,130.9,77.8c66.8,0,100.2-39.8,130.9-77.8c30.7-37.9,58.5-72.1,117-72.1s86.3,34.1,117,72.1\tc30.6,37.9,64.1,77.8,130.9,77.8c66.8,0,100.2-39.8,130.9-77.8c30.7-37.9,58.5-72.1,117-72.1c58.5,0,86.3,34.1,117,72.1\tc30.6,37.9,64.1,77.8,130.9,77.8c66.8,0,100.2-39.8,130.9-77.8c30.7-37.9,58.5-72.1,117-72.1c58.5,0,86.3,34.1,117,72.1\tc30.7,37.9,64.1,77.8,130.9,77.8c66.8,0,100.2-39.8,130.9-77.8s58.5-72.1,120.2-72.1V0L7364.6,0.3z\"\/>\r\n<\/svg>\r\n\t\t<\/div>\n\t\t\t\t\t<div class=\"elementor-container elementor-column-gap-no\">\n\t\t\t\t\t<div class=\"elementor-column elementor-col-100 elementor-top-column elementor-element elementor-element-00b3a88\" data-id=\"00b3a88\" data-element_type=\"column\">\n\t\t\t<div class=\"elementor-widget-wrap\">\n\t\t\t\t\t\t\t<\/div>\n\t\t<\/div>\n\t\t\t\t\t<\/div>\n\t\t<\/section>\n\t\t\t\t<main class=\"elementor-section elementor-top-section elementor-element elementor-element-3100733 elementor-section-content-middle elementor-section-full_width elementor-section-height-default elementor-section-height-default\" data-id=\"3100733\" data-element_type=\"section\" data-settings=\"{&quot;animation&quot;:&quot;none&quot;,&quot;background_background&quot;:&quot;classic&quot;,&quot;_ha_eqh_enable&quot;:false}\">\n\t\t\t\t\t\t\t<div class=\"elementor-background-overlay\"><\/div>\n\t\t\t\t\t\t\t<div class=\"elementor-container elementor-column-gap-no\">\n\t\t\t\t\t<div class=\"elementor-column elementor-col-100 elementor-top-column elementor-element elementor-element-52a43e0\" data-id=\"52a43e0\" data-element_type=\"column\">\n\t\t\t<div class=\"elementor-widget-wrap elementor-element-populated\">\n\t\t\t\t\t\t<section class=\"elementor-section elementor-inner-section elementor-element elementor-element-c851535 elementor-section-content-middle elementor-section-boxed elementor-section-height-default elementor-section-height-default\" data-id=\"c851535\" data-element_type=\"section\" data-settings=\"{&quot;_ha_eqh_enable&quot;:false}\">\n\t\t\t\t\t\t\t<div class=\"elementor-background-overlay\"><\/div>\n\t\t\t\t\t\t\t<div class=\"elementor-container elementor-column-gap-no\">\n\t\t\t\t\t<div class=\"elementor-column elementor-col-100 elementor-inner-column elementor-element elementor-element-94e3a81 elementor-invisible\" data-id=\"94e3a81\" data-element_type=\"column\" data-settings=\"{&quot;animation&quot;:&quot;fadeInUp&quot;}\">\n\t\t\t<div class=\"elementor-widget-wrap elementor-element-populated\">\n\t\t\t\t\t\t<section class=\"elementor-section elementor-inner-section elementor-element elementor-element-6727ca7 elementor-section-boxed elementor-section-height-default elementor-section-height-default\" data-id=\"6727ca7\" data-element_type=\"section\" data-settings=\"{&quot;_ha_eqh_enable&quot;:false}\">\n\t\t\t\t\t\t<div class=\"elementor-container elementor-column-gap-default\">\n\t\t\t\t\t<div class=\"elementor-column elementor-col-100 elementor-inner-column elementor-element elementor-element-9cc6ff2 elementor-invisible\" data-id=\"9cc6ff2\" data-element_type=\"column\" data-settings=\"{&quot;animation&quot;:&quot;fadeInUp&quot;}\">\n\t\t\t<div class=\"elementor-widget-wrap elementor-element-populated\">\n\t\t\t\t\t\t<div class=\"elementor-element elementor-element-bc50e21 elementor-widget__width-initial elementor-widget elementor-widget-heading\" data-id=\"bc50e21\" data-element_type=\"widget\" data-widget_type=\"heading.default\">\n\t\t\t\t<div class=\"elementor-widget-container\">\n\t\t\t\t\t<h3 class=\"elementor-heading-title elementor-size-default\">REPRESENTACI\u00d3N DE MARCAS<\/h3>\t\t\t\t<\/div>\n\t\t\t\t<\/div>\n\t\t\t\t\t<\/div>\n\t\t<\/div>\n\t\t\t\t\t<\/div>\n\t\t<\/section>\n\t\t\t\t<div class=\"elementor-element elementor-element-049ba46 elementor-widget__width-initial elementor-widget elementor-widget-text-editor\" data-id=\"049ba46\" data-element_type=\"widget\" data-widget_type=\"text-editor.default\">\n\t\t\t\t<div class=\"elementor-widget-container\">\n\t\t\t\t\t\t\t\t\t<p><strong>Construtips\u00a0<\/strong> es tu socio confiable en la representaci\u00f3n de marcas de dise\u00f1o para la construcci\u00f3n.<\/p><p>Colaboramos con las marcas m\u00e1s destacadas del sector para ofrecerte productos de alta calidad y \u00faltimas tendencias.<\/p><p>Desde revestimientos y accesorios hasta mobiliario y sistemas inteligentes, tenemos todo lo que necesitas para llevar tus proyectos al siguiente nivel.<\/p>\t\t\t\t\t\t\t\t<\/div>\n\t\t\t\t<\/div>\n\t\t\t\t\t<\/div>\n\t\t<\/div>\n\t\t\t\t\t<\/div>\n\t\t<\/section>\n\t\t\t\t<section class=\"elementor-section elementor-inner-section elementor-element elementor-element-5e8f4e0 elementor-section-content-middle elementor-section-boxed elementor-section-height-default elementor-section-height-default\" data-id=\"5e8f4e0\" data-element_type=\"section\" data-settings=\"{&quot;_ha_eqh_enable&quot;:false}\">\n\t\t\t\t\t\t\t<div class=\"elementor-background-overlay\"><\/div>\n\t\t\t\t\t\t\t<div class=\"elementor-container elementor-column-gap-no\">\n\t\t\t\t\t<div class=\"elementor-column elementor-col-100 elementor-inner-column elementor-element elementor-element-7142851 elementor-invisible\" data-id=\"7142851\" data-element_type=\"column\" data-settings=\"{&quot;animation&quot;:&quot;fadeInUp&quot;}\">\n\t\t\t<div class=\"elementor-widget-wrap elementor-element-populated\">\n\t\t\t\t\t\t<section class=\"elementor-section elementor-inner-section elementor-element elementor-element-1fc0446 elementor-section-boxed elementor-section-height-default elementor-section-height-default\" data-id=\"1fc0446\" data-element_type=\"section\" data-settings=\"{&quot;_ha_eqh_enable&quot;:false}\">\n\t\t\t\t\t\t<div class=\"elementor-container elementor-column-gap-default\">\n\t\t\t\t\t<div class=\"elementor-column elementor-col-100 elementor-inner-column elementor-element elementor-element-43ee13e\" data-id=\"43ee13e\" data-element_type=\"column\">\n\t\t\t<div class=\"elementor-widget-wrap elementor-element-populated\">\n\t\t\t\t\t\t<div class=\"elementor-element elementor-element-420aba5 elementor-widget__width-initial elementor-widget elementor-widget-heading\" data-id=\"420aba5\" data-element_type=\"widget\" data-widget_type=\"heading.default\">\n\t\t\t\t<div class=\"elementor-widget-container\">\n\t\t\t\t\t<h3 class=\"elementor-heading-title elementor-size-default\">ASESORAMIENTO PROFESIONAL<\/h3>\t\t\t\t<\/div>\n\t\t\t\t<\/div>\n\t\t\t\t\t<\/div>\n\t\t<\/div>\n\t\t\t\t\t<\/div>\n\t\t<\/section>\n\t\t\t\t<div class=\"elementor-element elementor-element-52a8394 elementor-widget__width-initial elementor-widget elementor-widget-text-editor\" data-id=\"52a8394\" data-element_type=\"widget\" data-widget_type=\"text-editor.default\">\n\t\t\t\t<div class=\"elementor-widget-container\">\n\t\t\t\t\t\t\t\t\t<p>Nuestro equipo de expertos en dise\u00f1o y construcci\u00f3n est\u00e1 aqu\u00ed para asesorarte en cada paso del camino.<\/p><p>Desde la planificaci\u00f3n inicial hasta la implementaci\u00f3n final, te brindamos asesoramiento profesional y soluciones personalizadas para garantizar el \u00e9xito de tu proyecto.<\/p>\t\t\t\t\t\t\t\t<\/div>\n\t\t\t\t<\/div>\n\t\t\t\t\t<\/div>\n\t\t<\/div>\n\t\t\t\t\t<\/div>\n\t\t<\/section>\n\t\t\t\t\t<\/div>\n\t\t<\/div>\n\t\t\t\t\t<\/div>\n\t\t<\/main>\n\t\t\t\t<\/div>","protected":false},"excerpt":{"rendered":"<p>REPRESENTACI\u00d3N DE MARCAS Construtips es tu socio confiable en la representaci\u00f3n de marcas de dise\u00f1o para la construcci\u00f3n. Colaboramos con las marcas m\u00e1s destacadas del sector para ofrecerte productos de alta calidad y \u00faltimas tendencias. Desde revestimientos y accesorios hasta mobiliario y sistemas inteligentes, tenemos todo lo que necesitas para llevar tus proyectos al siguiente [&hellip;]<\/p>","protected":false},"author":1,"featured_media":0,"parent":0,"menu_order":0,"comment_status":"closed","ping_status":"closed","template":"","meta":{"footnotes":""},"class_list":["post-321","page","type-page","status-publish","hentry"],"_links":{"self":[{"href":"https:\/\/construtipsperu.com\/en\/wp-json\/wp\/v2\/pages\/321","targetHints":{"allow":["GET"]}}],"collection":[{"href":"https:\/\/construtipsperu.com\/en\/wp-json\/wp\/v2\/pages"}],"about":[{"href":"https:\/\/construtipsperu.com\/en\/wp-json\/wp\/v2\/types\/page"}],"author":[{"embeddable":true,"href":"https:\/\/construtipsperu.com\/en\/wp-json\/wp\/v2\/users\/1"}],"replies":[{"embeddable":true,"href":"https:\/\/construtipsperu.com\/en\/wp-json\/wp\/v2\/comments?post=321"}],"version-history":[{"count":115,"href":"https:\/\/construtipsperu.com\/en\/wp-json\/wp\/v2\/pages\/321\/revisions"}],"predecessor-version":[{"id":1784,"href":"https:\/\/construtipsperu.com\/en\/wp-json\/wp\/v2\/pages\/321\/revisions\/1784"}],"wp:attachment":[{"href":"https:\/\/construtipsperu.com\/en\/wp-json\/wp\/v2\/media?parent=321"}],"curies":[{"name":"wp","href":"https:\/\/api.w.org\/{rel}","templated":true}]}}